{"id":99,"date":"2026-02-04T10:54:38","date_gmt":"2026-02-04T10:54:38","guid":{"rendered":"https:\/\/ecoornatus.com\/?post_type=product&#038;p=99"},"modified":"2026-02-04T10:54:52","modified_gmt":"2026-02-04T10:54:52","slug":"kit-monovin-minoxidill-500ml","status":"publish","type":"product","link":"https:\/\/ecoornatus.com\/index.php\/produto\/kit-monovin-minoxidill-500ml\/","title":{"rendered":"Kit Monovin Minoxidill 500ML"},"content":{"rendered":"<div class=\"flex flex-col text-sm pb-25\">\n<article class=\"text-token-text-primary w-full focus:outline-none [--shadow-height:45px] has-data-writing-block:pointer-events-none has-data-writing-block:-mt-(--shadow-height) has-data-writing-block:pt-(--shadow-height) [&amp;:has([data-writing-block])&gt;*]:pointer-events-auto scroll-mt-[calc(var(--header-height)+min(200px,max(70px,20svh)))]\" dir=\"auto\" tabindex=\"-1\" data-turn-id=\"request-WEB:bc12fe79-02ed-491d-8eb8-b385be0f9998-5\" data-testid=\"conversation-turn-4\" data-scroll-anchor=\"true\" data-turn=\"assistant\">\n<div class=\"text-base my-auto mx-auto pb-10 [--thread-content-margin:--spacing(4)] @w-sm\/main:[--thread-content-margin:--spacing(6)] @w-lg\/main:[--thread-content-margin:--spacing(16)] px-(--thread-content-margin)\">\n<div class=\"[--thread-content-max-width:40rem] @w-lg\/main:[--thread-content-max-width:48rem] mx-auto max-w-(--thread-content-max-width) flex-1 group\/turn-messages focus-visible:outline-hidden relative flex w-full min-w-0 flex-col agent-turn\" tabindex=\"-1\">\n<div class=\"flex max-w-full flex-col grow\">\n<div class=\"min-h-8 text-message relative flex w-full flex-col items-end gap-2 text-start break-words whitespace-normal [.text-message+&amp;]:mt-1\" dir=\"auto\" data-message-author-role=\"assistant\" data-message-id=\"b8ce5dd9-c8fe-4bc1-bfcd-77bf1425b052\" data-message-model-slug=\"gpt-5-2\">\n<div class=\"flex w-full flex-col gap-1 empty:hidden first:pt-[1px]\">\n<div class=\"markdown prose dark:prose-invert w-full wrap-break-word light markdown-new-styling\">\n<p data-start=\"0\" data-end=\"93\"><strong data-start=\"0\" data-end=\"93\">Kit Monovin Minoxidill 500ML \u2013 Fortalecimento, Crescimento e Tratamento Intensivo Capilar<\/strong><\/p>\n<p data-start=\"95\" data-end=\"492\">O <strong data-start=\"97\" data-end=\"129\">Kit Monovin Minoxidill 500ML<\/strong> foi desenvolvido para quem busca um cuidado completo voltado ao fortalecimento dos fios, est\u00edmulo ao crescimento saud\u00e1vel e melhora da densidade capilar. Com uma f\u00f3rmula pensada para revitalizar o couro cabeludo e nutrir profundamente a fibra capilar, este kit \u00e9 ideal para homens e mulheres que desejam cabelos mais fortes, resistentes e com apar\u00eancia renovada.<\/p>\n<p data-start=\"494\" data-end=\"823\">A combina\u00e7\u00e3o de ativos presentes no Kit Monovin Minoxidill atua diretamente na raiz e ao longo do comprimento dos fios, promovendo um tratamento intensivo que auxilia na redu\u00e7\u00e3o da queda, estimula o crescimento e melhora a vitalidade do cabelo. Seu uso cont\u00ednuo contribui para fios mais encorpados, com brilho e aspecto saud\u00e1vel.<\/p>\n<hr data-start=\"825\" data-end=\"828\" \/>\n<h3 data-start=\"830\" data-end=\"869\">\ud83d\udcaa Fortalecimento da Raiz \u00e0s Pontas<\/h3>\n<p data-start=\"871\" data-end=\"1216\">Cabelos enfraquecidos, com queda excessiva ou crescimento lento podem estar relacionados a fatores como estresse, altera\u00e7\u00f5es hormonais, qu\u00edmica, uso excessivo de ferramentas t\u00e9rmicas ou falta de nutrientes essenciais. O Kit Monovin Minoxidill 500ML foi formulado para atuar nesses pontos, fortalecendo a estrutura capilar desde o couro cabeludo.<\/p>\n<p data-start=\"1218\" data-end=\"1466\">A a\u00e7\u00e3o combinada dos ativos auxilia na estimula\u00e7\u00e3o da circula\u00e7\u00e3o local, favorecendo o ambiente ideal para o crescimento dos fios. Ao mesmo tempo, promove nutri\u00e7\u00e3o intensa, reduzindo a quebra e deixando o cabelo mais resistente \u00e0s agress\u00f5es di\u00e1rias.<\/p>\n<p data-start=\"1468\" data-end=\"1519\">Entre os principais benef\u00edcios do kit, destacam-se:<\/p>\n<ul data-start=\"1521\" data-end=\"1805\">\n<li data-start=\"1521\" data-end=\"1565\">\n<p data-start=\"1523\" data-end=\"1565\">Aux\u00edlio no crescimento saud\u00e1vel dos fios<\/p>\n<\/li>\n<li data-start=\"1566\" data-end=\"1612\">\n<p data-start=\"1568\" data-end=\"1612\">Redu\u00e7\u00e3o da quebra e fortalecimento capilar<\/p>\n<\/li>\n<li data-start=\"1613\" data-end=\"1656\">\n<p data-start=\"1615\" data-end=\"1656\">Est\u00edmulo \u00e0 vitalidade do couro cabeludo<\/p>\n<\/li>\n<li data-start=\"1657\" data-end=\"1698\">\n<p data-start=\"1659\" data-end=\"1698\">Aumento da resist\u00eancia e elasticidade<\/p>\n<\/li>\n<li data-start=\"1699\" data-end=\"1746\">\n<p data-start=\"1701\" data-end=\"1746\">Fios mais encorpados e com melhor apar\u00eancia<\/p>\n<\/li>\n<li data-start=\"1747\" data-end=\"1805\">\n<p data-start=\"1749\" data-end=\"1805\">Brilho e maciez vis\u00edveis desde as primeiras aplica\u00e7\u00f5es<\/p>\n<\/li>\n<\/ul>\n<hr data-start=\"1807\" data-end=\"1810\" \/>\n<h3 data-start=\"1812\" data-end=\"1869\">\ud83c\udf31 Tratamento Intensivo para Todos os Tipos de Cabelo<\/h3>\n<p data-start=\"1871\" data-end=\"2099\">O Kit Monovin Minoxidill 500ML pode ser utilizado em diversos tipos de cabelo: lisos, ondulados, cacheados ou crespos. Sua f\u00f3rmula foi desenvolvida para limpar suavemente e tratar ao mesmo tempo, sem agredir ou ressecar os fios.<\/p>\n<p data-start=\"2101\" data-end=\"2334\">O produto age de forma equilibrada, proporcionando hidrata\u00e7\u00e3o na medida certa e mantendo o couro cabeludo saud\u00e1vel. A nutri\u00e7\u00e3o promovida auxilia na recupera\u00e7\u00e3o de fios danificados, deixando o cabelo com aspecto mais cheio e volumoso.<\/p>\n<p data-start=\"2336\" data-end=\"2471\">\u00c9 indicado para quem deseja melhorar a densidade capilar e manter um cuidado cont\u00ednuo para preven\u00e7\u00e3o da queda e fortalecimento da raiz.<\/p>\n<hr data-start=\"2473\" data-end=\"2476\" \/>\n<h3 data-start=\"2478\" data-end=\"2516\">\u2728 Mais Volume e Apar\u00eancia Saud\u00e1vel<\/h3>\n<p data-start=\"2518\" data-end=\"2734\">Com o uso regular do Kit Monovin Minoxidill 500ML, os fios passam a apresentar apar\u00eancia mais volumosa e alinhada. A melhora na estrutura capilar proporciona mais corpo ao cabelo, reduzindo o aspecto ralo e sem vida.<\/p>\n<p data-start=\"2736\" data-end=\"2906\">Al\u00e9m disso, o brilho natural \u00e9 restaurado, evidenciando um cabelo mais saud\u00e1vel e bem cuidado. A textura tamb\u00e9m se torna mais suave, facilitando o penteado e o dia a dia.<\/p>\n<hr data-start=\"2908\" data-end=\"2911\" \/>\n<h3 data-start=\"2913\" data-end=\"2948\">\ud83e\uddf4 Embalagem Econ\u00f4mica de 500ML<\/h3>\n<p data-start=\"2950\" data-end=\"3178\">A vers\u00e3o de 500ML oferece excelente rendimento, sendo ideal tanto para uso pessoal quanto profissional. Seu tamanho garante maior durabilidade do tratamento, permitindo que os resultados sejam potencializados com o uso cont\u00ednuo.<\/p>\n<p data-start=\"3180\" data-end=\"3335\">Para alcan\u00e7ar melhores resultados, recomenda-se seguir corretamente o modo de uso indicado na embalagem e manter uma rotina de cuidados capilares adequada.<\/p>\n<hr data-start=\"3337\" data-end=\"3340\" \/>\n<h3 data-start=\"3342\" data-end=\"3362\">\ud83d\udec1 Como Utilizar<\/h3>\n<ol data-start=\"3364\" data-end=\"3587\">\n<li data-start=\"3364\" data-end=\"3408\">\n<p data-start=\"3367\" data-end=\"3408\">Aplique o produto nos cabelos molhados.<\/p>\n<\/li>\n<li data-start=\"3409\" data-end=\"3478\">\n<p data-start=\"3412\" data-end=\"3478\">Massageie suavemente o couro cabeludo com movimentos circulares.<\/p>\n<\/li>\n<li data-start=\"3479\" data-end=\"3506\">\n<p data-start=\"3482\" data-end=\"3506\">Enx\u00e1gue completamente.<\/p>\n<\/li>\n<li data-start=\"3507\" data-end=\"3546\">\n<p data-start=\"3510\" data-end=\"3546\">Repita a aplica\u00e7\u00e3o, se necess\u00e1rio.<\/p>\n<\/li>\n<li data-start=\"3547\" data-end=\"3587\">\n<p data-start=\"3550\" data-end=\"3587\">Finalize conforme sua rotina capilar.<\/p>\n<\/li>\n<\/ol>\n<p data-start=\"3589\" data-end=\"3717\">O uso cont\u00ednuo \u00e9 essencial para potencializar os resultados e garantir fios mais fortes, resistentes e com crescimento saud\u00e1vel.<\/p>\n<hr data-start=\"3719\" data-end=\"3722\" \/>\n<p data-start=\"3724\" data-end=\"3981\" data-is-last-node=\"\" data-is-only-node=\"\">Se voc\u00ea busca um tratamento eficaz para fortalecer e revitalizar seus cabelos, o <strong data-start=\"3805\" data-end=\"3837\">Kit Monovin Minoxidill 500ML<\/strong> \u00e9 uma excelente escolha. Invista em um cuidado completo que promove crescimento, resist\u00eancia e apar\u00eancia renovada para seus fios todos os dias.<\/p>\n<\/div>\n<\/div>\n<\/div>\n<\/div>\n<\/div>\n<\/div>\n<\/article>\n<\/div>\n","protected":false},"excerpt":{"rendered":"<p>O <strong data-start=\"97\" data-end=\"129\">Kit Monovin Minoxidill 500ML<\/strong> foi desenvolvido para quem busca um cuidado completo voltado ao fortalecimento dos fios, est\u00edmulo ao crescimento saud\u00e1vel e melhora da densidade capilar. Com uma f\u00f3rmula pensada para revitalizar o couro cabeludo e nutrir profundamente a fibra capilar, este kit \u00e9 ideal para homens e mulheres que desejam cabelos mais fortes, resistentes e com apar\u00eancia renovada.<\/p>\n","protected":false},"featured_media":100,"comment_status":"open","ping_status":"closed","template":"","meta":[],"product_brand":[29],"product_cat":[28],"product_tag":[],"class_list":{"0":"post-99","1":"product","2":"type-product","3":"status-publish","4":"has-post-thumbnail","6":"product_brand-hanry","7":"product_cat-crescimento-capilar","9":"first","10":"instock","11":"shipping-taxable","12":"purchasable","13":"product-type-simple"},"_links":{"self":[{"href":"https:\/\/ecoornatus.com\/index.php\/wp-json\/wp\/v2\/product\/99","targetHints":{"allow":["GET"]}}],"collection":[{"href":"https:\/\/ecoornatus.com\/index.php\/wp-json\/wp\/v2\/product"}],"about":[{"href":"https:\/\/ecoornatus.com\/index.php\/wp-json\/wp\/v2\/types\/product"}],"replies":[{"embeddable":true,"href":"https:\/\/ecoornatus.com\/index.php\/wp-json\/wp\/v2\/comments?post=99"}],"wp:featuredmedia":[{"embeddable":true,"href":"https:\/\/ecoornatus.com\/index.php\/wp-json\/wp\/v2\/media\/100"}],"wp:attachment":[{"href":"https:\/\/ecoornatus.com\/index.php\/wp-json\/wp\/v2\/media?parent=99"}],"wp:term":[{"taxonomy":"product_brand","embeddable":true,"href":"https:\/\/ecoornatus.com\/index.php\/wp-json\/wp\/v2\/product_brand?post=99"},{"taxonomy":"product_cat","embeddable":true,"href":"https:\/\/ecoornatus.com\/index.php\/wp-json\/wp\/v2\/product_cat?post=99"},{"taxonomy":"product_tag","embeddable":true,"href":"https:\/\/ecoornatus.com\/index.php\/wp-json\/wp\/v2\/product_tag?post=99"}],"curies":[{"name":"wp","href":"https:\/\/api.w.org\/{rel}","templated":true}]}}